{"id":258,"date":"2025-10-09T07:56:08","date_gmt":"2025-10-09T07:56:08","guid":{"rendered":"https:\/\/dodgerblue-heron-466616.hostingersite.com\/?page_id=258"},"modified":"2025-10-21T10:15:26","modified_gmt":"2025-10-21T10:15:26","slug":"404page","status":"publish","type":"page","link":"https:\/\/hanhaicasting.com\/fr\/404page\/","title":{"rendered":"404PAGE"},"content":{"rendered":"<div data-elementor-type=\"wp-page\" data-elementor-id=\"258\" class=\"elementor elementor-258\" data-elementor-post-type=\"page\">\n\t\t\t\t<div class=\"elementor-element elementor-element-70295ca6 e-flex e-con-boxed e-con e-parent\" data-id=\"70295ca6\" data-element_type=\"container\" data-e-type=\"container\">\n\t\t\t\t\t<div class=\"e-con-inner\">\n\t\t<div class=\"elementor-element elementor-element-c30df8a e-con-full e-flex e-con e-child\" data-id=\"c30df8a\" data-element_type=\"container\" data-e-type=\"container\">\n\t\t\t\t<div class=\"elementor-element elementor-element-119a8ab9 elementor-widget elementor-widget-heading\" data-id=\"119a8ab9\" data-element_type=\"widget\" data-e-type=\"widget\" data-widget_type=\"heading.default\">\n\t\t\t\t\t<h1 class=\"elementor-heading-title elementor-size-default\">404<\/h1>\t\t\t\t<\/div>\n\t\t\t\t<div class=\"elementor-element elementor-element-cba1471 elementor-widget elementor-widget-heading\" data-id=\"cba1471\" data-element_type=\"widget\" data-e-type=\"widget\" data-widget_type=\"heading.default\">\n\t\t\t\t\t<h2 class=\"elementor-heading-title elementor-size-default\">Ressource non trouv\u00e9e<\/h2>\t\t\t\t<\/div>\n\t\t\t\t<div class=\"elementor-element elementor-element-6d73c808 elementor-widget__width-initial elementor-widget elementor-widget-text-editor\" data-id=\"6d73c808\" data-element_type=\"widget\" data-e-type=\"widget\" data-widget_type=\"text-editor.default\">\n\t\t\t\t\t\t\t\t\t<p>Il semble que la page que vous recherchez n'existe pas ou a \u00e9t\u00e9 d\u00e9plac\u00e9e.<br data-start=\"272\" data-end=\"275\" \/>Retournez \u00e0 la page d'accueil pour d\u00e9couvrir nos produits et nos solutions de moulage.<\/p>\t\t\t\t\t\t\t\t<\/div>\n\t\t\t\t<div class=\"elementor-element elementor-element-63e105ff elementor-align-center elementor-widget elementor-widget-button\" data-id=\"63e105ff\" data-element_type=\"widget\" data-e-type=\"widget\" data-widget_type=\"button.default\">\n\t\t\t\t\t\t\t\t\t\t<a class=\"elementor-button elementor-button-link elementor-size-sm\" href=\"https:\/\/hanhaicasting.com\/fr\/\">\n\t\t\t\t\t\t<span class=\"elementor-button-content-wrapper\">\n\t\t\t\t\t\t\t\t\t<span class=\"elementor-button-text\">Retour \u00e0 l'accueil<\/span>\n\t\t\t\t\t<\/span>\n\t\t\t\t\t<\/a>\n\t\t\t\t\t\t\t\t<\/div>\n\t\t\t\t<\/div>\n\t\t\t\t\t<\/div>\n\t\t\t\t<\/div>\n\t\t\t\t<\/div>","protected":false},"excerpt":{"rendered":"<p>404 Resource Not Found It seems the page you\u2019re looking for doesn\u2019t exist or has been moved.Please return to the homepage to explore our products and casting solutions. Return To Home<\/p>","protected":false},"author":1,"featured_media":0,"parent":0,"menu_order":0,"comment_status":"closed","ping_status":"closed","template":"","meta":{"footnotes":""},"class_list":["post-258","page","type-page","status-publish","hentry"],"_hostinger_reach_plugin_has_subscription_block":false,"_hostinger_reach_plugin_is_elementor":false,"_links":{"self":[{"href":"https:\/\/hanhaicasting.com\/fr\/wp-json\/wp\/v2\/pages\/258","targetHints":{"allow":["GET"]}}],"collection":[{"href":"https:\/\/hanhaicasting.com\/fr\/wp-json\/wp\/v2\/pages"}],"about":[{"href":"https:\/\/hanhaicasting.com\/fr\/wp-json\/wp\/v2\/types\/page"}],"author":[{"embeddable":true,"href":"https:\/\/hanhaicasting.com\/fr\/wp-json\/wp\/v2\/users\/1"}],"replies":[{"embeddable":true,"href":"https:\/\/hanhaicasting.com\/fr\/wp-json\/wp\/v2\/comments?post=258"}],"version-history":[{"count":7,"href":"https:\/\/hanhaicasting.com\/fr\/wp-json\/wp\/v2\/pages\/258\/revisions"}],"predecessor-version":[{"id":406,"href":"https:\/\/hanhaicasting.com\/fr\/wp-json\/wp\/v2\/pages\/258\/revisions\/406"}],"wp:attachment":[{"href":"https:\/\/hanhaicasting.com\/fr\/wp-json\/wp\/v2\/media?parent=258"}],"curies":[{"name":"wp","href":"https:\/\/api.w.org\/{rel}","templated":true}]}}